{"id":36,"date":"2023-06-07T17:36:43","date_gmt":"2023-06-07T15:36:43","guid":{"rendered":"http:\/\/krpro.pl\/?page_id=36"},"modified":"2023-08-07T19:41:32","modified_gmt":"2023-08-07T17:41:32","slug":"do-pobrania","status":"publish","type":"page","link":"https:\/\/krpro.pl\/index.php\/do-pobrania\/","title":{"rendered":"Do pobrania"},"content":{"rendered":"\n<h1 class=\"wp-block-heading\">Do pobrania<\/h1>\n\n\n\n<h3 class=\"wp-block-heading\">Og\u00f3lne warunki kupna\/sprzeda\u017cy:<\/h3>\n\n\n\n\n\n<h3 class=\"wp-block-heading\">Informacja RODO:<\/h3>\n\n\n\n<div class=\"wp-block-file\"><a id=\"wp-block-file--media-7b977fe2-257c-4211-9531-ac99726fccf2\" href=\"https:\/\/krpro.pl\/wp-content\/uploads\/2023\/07\/Informacja-RODO.pdf\" target=\"_blank\" rel=\"noreferrer noopener\">Informacja-RODO<\/a><a href=\"https:\/\/krpro.pl\/wp-content\/uploads\/2023\/07\/Informacja-RODO.pdf\" class=\"wp-block-file__button wp-element-button\" download aria-describedby=\"wp-block-file--media-7b977fe2-257c-4211-9531-ac99726fccf2\">Pobierz<\/a><\/div>\n\n\n\n<h3 class=\"wp-block-heading\">Certyfikat o przedstawicielstwie handlowym:<\/h3>\n\n\n\n<div class=\"wp-block-file\"><a id=\"wp-block-file--media-85858d10-e23a-457e-8874-8d692c400e9d\" href=\"https:\/\/krpro.pl\/wp-content\/uploads\/2023\/07\/Certyfikat-o-przedstawicielstwie-handlowym.pdf\" target=\"_blank\" rel=\"noreferrer noopener\">Certyfikat-o-przedstawicielstwie-handlowym<\/a><a href=\"https:\/\/krpro.pl\/wp-content\/uploads\/2023\/07\/Certyfikat-o-przedstawicielstwie-handlowym.pdf\" class=\"wp-block-file__button wp-element-button\" download aria-describedby=\"wp-block-file--media-85858d10-e23a-457e-8874-8d692c400e9d\">Pobierz<\/a><\/div>\n\n\n\n<h3 class=\"wp-block-heading\">Karty techniczne produkt\u00f3w:<\/h3>\n\n\n\n<p>Blacha napawana:<\/p>\n\n\n\n<div class=\"wp-block-file\"><a id=\"wp-block-file--media-58c424c9-48d2-4d6f-be24-b6b215ff56a7\" href=\"https:\/\/krpro.pl\/wp-content\/uploads\/2023\/07\/TECHPLATE\u00ae-100-Product-Data-Sheet.pdf\" target=\"_blank\" rel=\"noreferrer noopener\">TECHPLATE\u00ae-100-Produc-Data-Sheet<\/a><a href=\"https:\/\/krpro.pl\/wp-content\/uploads\/2023\/07\/TECHPLATE\u00ae-100-Product-Data-Sheet.pdf\" class=\"wp-block-file__button wp-element-button\" download aria-describedby=\"wp-block-file--media-58c424c9-48d2-4d6f-be24-b6b215ff56a7\">Pobierz<\/a><\/div>\n\n\n\n<div class=\"wp-block-file\"><a id=\"wp-block-file--media-31163244-2422-4538-8ef8-6330db62d31b\" href=\"https:\/\/krpro.pl\/wp-content\/uploads\/2023\/07\/TECHPLATE\u00ae-101-Product-Data-Sheet.pdf\" target=\"_blank\" rel=\"noreferrer noopener\">TECHPLATE\u00ae-101-Product-Data-Sheet<\/a><a href=\"https:\/\/krpro.pl\/wp-content\/uploads\/2023\/07\/TECHPLATE\u00ae-101-Product-Data-Sheet.pdf\" class=\"wp-block-file__button wp-element-button\" download aria-describedby=\"wp-block-file--media-31163244-2422-4538-8ef8-6330db62d31b\">Pobierz<\/a><\/div>\n\n\n\n<div class=\"wp-block-file\"><a id=\"wp-block-file--media-ceca4b0a-75c0-454a-80b8-85c204923e22\" href=\"https:\/\/krpro.pl\/wp-content\/uploads\/2023\/07\/TECHPLATE\u00ae-103-Product-Data-Sheet.pdf\" target=\"_blank\" rel=\"noreferrer noopener\">TECHPLATE\u00ae-103-Product-Data-Sheet<\/a><a href=\"https:\/\/krpro.pl\/wp-content\/uploads\/2023\/07\/TECHPLATE\u00ae-103-Product-Data-Sheet.pdf\" class=\"wp-block-file__button wp-element-button\" download aria-describedby=\"wp-block-file--media-ceca4b0a-75c0-454a-80b8-85c204923e22\">Pobierz<\/a><\/div>\n\n\n\n<div class=\"wp-block-file\"><a id=\"wp-block-file--media-230cecab-e54d-4821-a185-2d7e9715c5b8\" href=\"https:\/\/krpro.pl\/wp-content\/uploads\/2023\/07\/TECHPLATE\u00ae-106-Product-Data-Sheet.pdf\" target=\"_blank\" rel=\"noreferrer noopener\">TECHPLATE\u00ae-106-Product-Data-Sheet<\/a><a href=\"https:\/\/krpro.pl\/wp-content\/uploads\/2023\/07\/TECHPLATE\u00ae-106-Product-Data-Sheet.pdf\" class=\"wp-block-file__button wp-element-button\" download aria-describedby=\"wp-block-file--media-230cecab-e54d-4821-a185-2d7e9715c5b8\">Pobierz<\/a><\/div>\n\n\n\n<div class=\"wp-block-file\"><a id=\"wp-block-file--media-1d80fd44-b3da-48c3-aadf-07caccfe5133\" href=\"https:\/\/krpro.pl\/wp-content\/uploads\/2023\/07\/TECHPLATE\u00ae-108-Product-Data-Sheet.pdf\" target=\"_blank\" rel=\"noreferrer noopener\">TECHPLATE\u00ae-108-Product-Data-Sheet<\/a><a href=\"https:\/\/krpro.pl\/wp-content\/uploads\/2023\/07\/TECHPLATE\u00ae-108-Product-Data-Sheet.pdf\" class=\"wp-block-file__button wp-element-button\" download aria-describedby=\"wp-block-file--media-1d80fd44-b3da-48c3-aadf-07caccfe5133\">Pobierz<\/a><\/div>\n\n\n\n<p>Mata ceramiczna Al<sub>2<\/sub>O<sub>3<\/sub>:<\/p>\n\n\n\n<div class=\"wp-block-file\"><a id=\"wp-block-file--media-09abd18c-91df-4969-b359-a3a436c2a4e9\" href=\"https:\/\/krpro.pl\/wp-content\/uploads\/2023\/08\/TECHCERAMIC-TC92-Inspection-certificate-EN-10204-3.1.pdf\" target=\"_blank\" rel=\"noreferrer noopener\">TECHCERAMIC-TC92-Inspection-certificate-EN-10204-3.1<\/a><a href=\"https:\/\/krpro.pl\/wp-content\/uploads\/2023\/08\/TECHCERAMIC-TC92-Inspection-certificate-EN-10204-3.1.pdf\" class=\"wp-block-file__button wp-element-button\" download aria-describedby=\"wp-block-file--media-09abd18c-91df-4969-b359-a3a436c2a4e9\">Pobierz<\/a><\/div>\n\n\n\n<p>P\u0142ytki bazaltowe:<\/p>\n\n\n\n<div class=\"wp-block-file\"><a id=\"wp-block-file--media-7db7b20a-5308-4a55-bd65-5c2fd3953b8d\" href=\"https:\/\/krpro.pl\/wp-content\/uploads\/2023\/08\/TECHROCK-Inspection-certificate-EN-10204-3.1.pdf\" target=\"_blank\" rel=\"noreferrer noopener\">TECHROCK-Inspection-certificate-EN-10204-3.1<\/a><a href=\"https:\/\/krpro.pl\/wp-content\/uploads\/2023\/08\/TECHROCK-Inspection-certificate-EN-10204-3.1.pdf\" class=\"wp-block-file__button wp-element-button\" download aria-describedby=\"wp-block-file--media-7db7b20a-5308-4a55-bd65-5c2fd3953b8d\">Pobierz<\/a><\/div>\n","protected":false},"excerpt":{"rendered":"<p>Do pobrania Og\u00f3lne warunki kupna\/sprzeda\u017cy: Informacja RODO: Certyfikat o przedstawicielstwie handlowym: Karty techniczne produkt\u00f3w: Blacha napawana: Mata ceramiczna Al2O3: P\u0142ytki bazaltowe:<\/p>\n","protected":false},"author":1,"featured_media":0,"parent":0,"menu_order":0,"comment_status":"closed","ping_status":"closed","template":"","meta":{"neve_meta_sidebar":"","neve_meta_container":"","neve_meta_enable_content_width":"","neve_meta_content_width":0,"neve_meta_title_alignment":"","neve_meta_author_avatar":"","neve_post_elements_order":"","neve_meta_disable_header":"","neve_meta_disable_footer":"","neve_meta_disable_title":"on","_vp_format_video_url":"","_vp_image_focal_point":[],"footnotes":""},"class_list":["post-36","page","type-page","status-publish","hentry"],"_links":{"self":[{"href":"https:\/\/krpro.pl\/index.php\/wp-json\/wp\/v2\/pages\/36","targetHints":{"allow":["GET"]}}],"collection":[{"href":"https:\/\/krpro.pl\/index.php\/wp-json\/wp\/v2\/pages"}],"about":[{"href":"https:\/\/krpro.pl\/index.php\/wp-json\/wp\/v2\/types\/page"}],"author":[{"embeddable":true,"href":"https:\/\/krpro.pl\/index.php\/wp-json\/wp\/v2\/users\/1"}],"replies":[{"embeddable":true,"href":"https:\/\/krpro.pl\/index.php\/wp-json\/wp\/v2\/comments?post=36"}],"version-history":[{"count":12,"href":"https:\/\/krpro.pl\/index.php\/wp-json\/wp\/v2\/pages\/36\/revisions"}],"predecessor-version":[{"id":328,"href":"https:\/\/krpro.pl\/index.php\/wp-json\/wp\/v2\/pages\/36\/revisions\/328"}],"wp:attachment":[{"href":"https:\/\/krpro.pl\/index.php\/wp-json\/wp\/v2\/media?parent=36"}],"curies":[{"name":"wp","href":"https:\/\/api.w.org\/{rel}","templated":true}]}}