{"id":7,"date":"2023-06-07T17:26:19","date_gmt":"2023-06-07T15:26:19","guid":{"rendered":"http:\/\/krpro.pl\/?page_id=7"},"modified":"2026-03-25T10:38:48","modified_gmt":"2026-03-25T09:38:48","slug":"strona-glowna","status":"publish","type":"page","link":"https:\/\/krpro.pl\/","title":{"rendered":"Strona g\u0142\u00f3wna"},"content":{"rendered":"\n<figure class=\"wp-block-image alignfull size-large\"><img loading=\"lazy\" decoding=\"async\" width=\"1024\" height=\"683\" src=\"https:\/\/krpro.pl\/wp-content\/uploads\/2023\/06\/pexels-mica-asato-1058143-2-1024x683.jpg\" alt=\"\" class=\"wp-image-49\" srcset=\"https:\/\/krpro.pl\/wp-content\/uploads\/2023\/06\/pexels-mica-asato-1058143-2-1024x683.jpg 1024w, https:\/\/krpro.pl\/wp-content\/uploads\/2023\/06\/pexels-mica-asato-1058143-2-300x200.jpg 300w, https:\/\/krpro.pl\/wp-content\/uploads\/2023\/06\/pexels-mica-asato-1058143-2-768x512.jpg 768w, https:\/\/krpro.pl\/wp-content\/uploads\/2023\/06\/pexels-mica-asato-1058143-2-1536x1024.jpg 1536w, https:\/\/krpro.pl\/wp-content\/uploads\/2023\/06\/pexels-mica-asato-1058143-2-930x620.jpg 930w, https:\/\/krpro.pl\/wp-content\/uploads\/2023\/06\/pexels-mica-asato-1058143-2.jpg 1920w\" sizes=\"auto, (max-width: 1024px) 100vw, 1024px\" \/><\/figure>\n\n\n\n<div style=\"height:80px\" aria-hidden=\"true\" class=\"wp-block-spacer\"><\/div>\n\n\n\n<div class=\"wp-block-buttons is-content-justification-center is-layout-flex wp-container-core-buttons-is-layout-16018d1d wp-block-buttons-is-layout-flex\">\n<div class=\"wp-block-button is-style-primary\"><a class=\"wp-block-button__link has-background wp-element-button\" href=\"https:\/\/krpro.pl\/index.php\/oferta\/\" style=\"background:linear-gradient(135deg,rgb(255,0,0) 0%,rgb(255,0,0) 100%)\">Sprawd\u017a nasz\u0105 ofert\u0119<\/a><\/div>\n<\/div>\n\n\n\n<div style=\"height:100px\" aria-hidden=\"true\" class=\"wp-block-spacer\"><\/div>\n\n\n\n<div class=\"wp-block-columns is-layout-flex wp-container-core-columns-is-layout-9d6595d7 wp-block-columns-is-layout-flex\">\n<div class=\"wp-block-column is-layout-flow wp-block-column-is-layout-flow\"><div class=\"wp-block-image icon-style is-style-default\">\n<figure class=\"aligncenter is-resized\"><img decoding=\"async\" src=\"https:\/\/krpro.pl\/wp-content\/themes\/neve\/assets\/img\/starter-content\/icon-03.svg\" alt=\"\" style=\"width:48px;height:48px\"\/><\/figure>\n<\/div>\n\n\n<div style=\"height:20px\" aria-hidden=\"true\" class=\"wp-block-spacer\"><\/div>\n\n\n\n<h3 class=\"wp-block-heading has-text-align-center has-neve-text-color-color has-text-color\">Kompleksowe wykonanie<\/h3>\n<\/div>\n\n\n\n<div class=\"wp-block-column is-layout-flow wp-block-column-is-layout-flow\"><div class=\"wp-block-image icon-style is-style-default\">\n<figure class=\"aligncenter is-resized\"><img decoding=\"async\" src=\"https:\/\/krpro.pl\/wp-content\/themes\/neve\/assets\/img\/starter-content\/icon-02.svg\" alt=\"\" style=\"width:48px;height:48px\"\/><\/figure>\n<\/div>\n\n\n<div style=\"height:20px\" aria-hidden=\"true\" class=\"wp-block-spacer\"><\/div>\n\n\n\n<h3 class=\"wp-block-heading has-text-align-center has-neve-text-color-color has-text-color\">Najwy\u017csza jako\u015b\u0107<\/h3>\n<\/div>\n\n\n\n<div class=\"wp-block-column is-layout-flow wp-block-column-is-layout-flow\"><div class=\"wp-block-image icon-style is-style-rounded\">\n<figure class=\"aligncenter is-resized\"><img decoding=\"async\" src=\"https:\/\/krpro.pl\/wp-content\/themes\/neve\/assets\/img\/starter-content\/icon-01.svg\" alt=\"\" style=\"width:48px;height:48px\"\/><\/figure>\n<\/div>\n\n\n<div style=\"height:20px\" aria-hidden=\"true\" class=\"wp-block-spacer\"><\/div>\n\n\n\n<h3 class=\"wp-block-heading has-text-align-center has-neve-text-color-color has-text-color\">Realizacja na czas<\/h3>\n<\/div>\n<\/div>\n\n\n\n<div style=\"height:80px\" aria-hidden=\"true\" class=\"wp-block-spacer\"><\/div>\n\n\n\n<div class=\"wp-block-cover alignfull is-light\" style=\"min-height:700px;aspect-ratio:unset;\"><img loading=\"lazy\" decoding=\"async\" width=\"1280\" height=\"794\" class=\"wp-block-cover__image-background wp-image-230\" alt=\"\" src=\"https:\/\/krpro.pl\/wp-content\/uploads\/2023\/07\/ironworks-g98a231c0d_1280.jpg\" data-object-fit=\"cover\" srcset=\"https:\/\/krpro.pl\/wp-content\/uploads\/2023\/07\/ironworks-g98a231c0d_1280.jpg 1280w, https:\/\/krpro.pl\/wp-content\/uploads\/2023\/07\/ironworks-g98a231c0d_1280-300x186.jpg 300w, https:\/\/krpro.pl\/wp-content\/uploads\/2023\/07\/ironworks-g98a231c0d_1280-1024x635.jpg 1024w, https:\/\/krpro.pl\/wp-content\/uploads\/2023\/07\/ironworks-g98a231c0d_1280-768x476.jpg 768w\" sizes=\"auto, (max-width: 1280px) 100vw, 1280px\" \/><span aria-hidden=\"true\" class=\"wp-block-cover__background has-background-dim\"><\/span><div class=\"wp-block-cover__inner-container is-layout-flow wp-block-cover-is-layout-flow\">\n<div style=\"height:80px\" aria-hidden=\"true\" class=\"wp-block-spacer\"><\/div>\n\n\n\n<figure class=\"wp-block-gallery has-nested-images columns-default is-cropped wp-block-gallery-1 is-layout-flex wp-block-gallery-is-layout-flex\">\n<figure class=\"wp-block-image size-large\"><img loading=\"lazy\" decoding=\"async\" width=\"1707\" height=\"2560\" data-id=\"556\" src=\"https:\/\/krpro.pl\/wp-content\/uploads\/2026\/03\/20260322_184443-2-edited-scaled.png\" alt=\"\" class=\"wp-image-556\" srcset=\"https:\/\/krpro.pl\/wp-content\/uploads\/2026\/03\/20260322_184443-2-edited-scaled.png 1707w, https:\/\/krpro.pl\/wp-content\/uploads\/2026\/03\/20260322_184443-2-edited-200x300.png 200w, https:\/\/krpro.pl\/wp-content\/uploads\/2026\/03\/20260322_184443-2-edited-683x1024.png 683w, https:\/\/krpro.pl\/wp-content\/uploads\/2026\/03\/20260322_184443-2-edited-768x1152.png 768w, https:\/\/krpro.pl\/wp-content\/uploads\/2026\/03\/20260322_184443-2-edited-1024x1536.png 1024w, https:\/\/krpro.pl\/wp-content\/uploads\/2026\/03\/20260322_184443-2-edited-1365x2048.png 1365w, https:\/\/krpro.pl\/wp-content\/uploads\/2026\/03\/20260322_184443-2-edited-500x750.png 500w, https:\/\/krpro.pl\/wp-content\/uploads\/2026\/03\/20260322_184443-2-edited-800x1200.png 800w, https:\/\/krpro.pl\/wp-content\/uploads\/2026\/03\/20260322_184443-2-edited-1280x1920.png 1280w, https:\/\/krpro.pl\/wp-content\/uploads\/2026\/03\/20260322_184443-2-edited-1920x2880.png 1920w\" sizes=\"auto, (max-width: 1707px) 100vw, 1707px\" \/><\/figure>\n\n\n\n<figure class=\"wp-block-image size-large\"><img loading=\"lazy\" decoding=\"async\" width=\"847\" height=\"1024\" data-id=\"514\" src=\"https:\/\/krpro.pl\/wp-content\/uploads\/2026\/03\/IMG_7615-1-847x1024.jpeg\" alt=\"\" class=\"wp-image-514\" srcset=\"https:\/\/krpro.pl\/wp-content\/uploads\/2026\/03\/IMG_7615-1-847x1024.jpeg 847w, https:\/\/krpro.pl\/wp-content\/uploads\/2026\/03\/IMG_7615-1-248x300.jpeg 248w, https:\/\/krpro.pl\/wp-content\/uploads\/2026\/03\/IMG_7615-1-768x929.jpeg 768w, https:\/\/krpro.pl\/wp-content\/uploads\/2026\/03\/IMG_7615-1-1270x1536.jpeg 1270w, https:\/\/krpro.pl\/wp-content\/uploads\/2026\/03\/IMG_7615-1-500x605.jpeg 500w, https:\/\/krpro.pl\/wp-content\/uploads\/2026\/03\/IMG_7615-1-800x967.jpeg 800w, https:\/\/krpro.pl\/wp-content\/uploads\/2026\/03\/IMG_7615-1-1280x1548.jpeg 1280w, https:\/\/krpro.pl\/wp-content\/uploads\/2026\/03\/IMG_7615-1.jpeg 1433w\" sizes=\"auto, (max-width: 847px) 100vw, 847px\" \/><\/figure>\n\n\n\n<figure class=\"wp-block-image size-large\"><img loading=\"lazy\" decoding=\"async\" width=\"801\" height=\"1024\" data-id=\"502\" src=\"https:\/\/krpro.pl\/wp-content\/uploads\/2026\/03\/WhatsApp-Image-2026-03-23-at-20.55.23-1-1-801x1024.jpeg\" alt=\"\" class=\"wp-image-502\" srcset=\"https:\/\/krpro.pl\/wp-content\/uploads\/2026\/03\/WhatsApp-Image-2026-03-23-at-20.55.23-1-1-801x1024.jpeg 801w, https:\/\/krpro.pl\/wp-content\/uploads\/2026\/03\/WhatsApp-Image-2026-03-23-at-20.55.23-1-1-235x300.jpeg 235w, https:\/\/krpro.pl\/wp-content\/uploads\/2026\/03\/WhatsApp-Image-2026-03-23-at-20.55.23-1-1-768x982.jpeg 768w, https:\/\/krpro.pl\/wp-content\/uploads\/2026\/03\/WhatsApp-Image-2026-03-23-at-20.55.23-1-1-500x639.jpeg 500w, https:\/\/krpro.pl\/wp-content\/uploads\/2026\/03\/WhatsApp-Image-2026-03-23-at-20.55.23-1-1-800x1023.jpeg 800w, https:\/\/krpro.pl\/wp-content\/uploads\/2026\/03\/WhatsApp-Image-2026-03-23-at-20.55.23-1-1.jpeg 1071w\" sizes=\"auto, (max-width: 801px) 100vw, 801px\" \/><\/figure>\n<\/figure>\n\n\n\n<p><\/p>\n\n\n\n<figure class=\"wp-block-gallery has-nested-images columns-default is-cropped wp-block-gallery-2 is-layout-flex wp-block-gallery-is-layout-flex\">\n<figure class=\"wp-block-image size-large\"><img loading=\"lazy\" decoding=\"async\" width=\"459\" height=\"479\" data-id=\"527\" src=\"https:\/\/krpro.pl\/wp-content\/uploads\/2026\/03\/Czesci-maszyn-4-1.jpg\" alt=\"\" class=\"wp-image-527\" srcset=\"https:\/\/krpro.pl\/wp-content\/uploads\/2026\/03\/Czesci-maszyn-4-1.jpg 459w, https:\/\/krpro.pl\/wp-content\/uploads\/2026\/03\/Czesci-maszyn-4-1-287x300.jpg 287w\" sizes=\"auto, (max-width: 459px) 100vw, 459px\" \/><\/figure>\n\n\n\n<figure class=\"wp-block-image size-large\"><img loading=\"lazy\" decoding=\"async\" width=\"441\" height=\"636\" data-id=\"521\" src=\"https:\/\/krpro.pl\/wp-content\/uploads\/2026\/03\/Napawanie-lyzki-ladowarki-3.jpg\" alt=\"\" class=\"wp-image-521\" srcset=\"https:\/\/krpro.pl\/wp-content\/uploads\/2026\/03\/Napawanie-lyzki-ladowarki-3.jpg 441w, https:\/\/krpro.pl\/wp-content\/uploads\/2026\/03\/Napawanie-lyzki-ladowarki-3-208x300.jpg 208w\" sizes=\"auto, (max-width: 441px) 100vw, 441px\" \/><\/figure>\n\n\n\n<figure class=\"wp-block-image size-large\"><img loading=\"lazy\" decoding=\"async\" width=\"641\" height=\"1024\" data-id=\"412\" src=\"https:\/\/krpro.pl\/wp-content\/uploads\/2024\/09\/Element-zderzaka-wywrotnicy-wagonowej-AMP-3-641x1024.jpg\" alt=\"\" class=\"wp-image-412\" srcset=\"https:\/\/krpro.pl\/wp-content\/uploads\/2024\/09\/Element-zderzaka-wywrotnicy-wagonowej-AMP-3-641x1024.jpg 641w, https:\/\/krpro.pl\/wp-content\/uploads\/2024\/09\/Element-zderzaka-wywrotnicy-wagonowej-AMP-3-188x300.jpg 188w, https:\/\/krpro.pl\/wp-content\/uploads\/2024\/09\/Element-zderzaka-wywrotnicy-wagonowej-AMP-3-768x1227.jpg 768w, https:\/\/krpro.pl\/wp-content\/uploads\/2024\/09\/Element-zderzaka-wywrotnicy-wagonowej-AMP-3.jpg 841w\" sizes=\"auto, (max-width: 641px) 100vw, 641px\" \/><\/figure>\n<\/figure>\n\n\n\n<hr class=\"wp-block-separator has-alpha-channel-opacity\"\/>\n\n\n\n<div class=\"wp-block-buttons is-content-justification-center is-layout-flex wp-container-core-buttons-is-layout-16018d1d wp-block-buttons-is-layout-flex\">\n<div class=\"wp-block-button is-style-primary\"><a class=\"wp-block-button__link has-background wp-element-button\" href=\"https:\/\/krpro.pl\/index.php\/realizacje\/\" style=\"background:linear-gradient(135deg,rgb(255,0,0) 0%,rgb(255,0,0) 100%)\"><mark style=\"background-color:rgba(0, 0, 0, 0)\" class=\"has-inline-color has-nv-dark-bg-color\">Realizacje<\/mark><\/a><\/div>\n<\/div>\n\n\n\n<div style=\"height:100px\" aria-hidden=\"true\" class=\"wp-block-spacer\"><\/div>\n<\/div><\/div>\n\n\n\n<div class=\"wp-block-cover alignfull\" style=\"min-height:300px;aspect-ratio:unset;\"><span aria-hidden=\"true\" class=\"wp-block-cover__background has-nv-dark-bg-background-color has-background-dim-100 has-background-dim\"><\/span><div class=\"wp-block-cover__inner-container is-layout-flow wp-block-cover-is-layout-flow\">\n<div style=\"height:80px\" aria-hidden=\"true\" class=\"wp-block-spacer\"><\/div>\n\n\n\n<h2 class=\"wp-block-heading has-text-align-center\">Formularz kontaktowy<\/h2>\n\n\n<p><div class=\"forminator-ui forminator-custom-form forminator-custom-form-97 forminator-design--material  forminator_ajax\" data-forminator-render=\"0\" data-form=\"forminator-module-97\" data-uid=\"6a072e3e3098e\"><br\/><\/div><form\n\t\t\t\tid=\"forminator-module-97\"\n\t\t\t\tclass=\"forminator-ui forminator-custom-form forminator-custom-form-97 forminator-design--material  forminator_ajax\"\n\t\t\t\tmethod=\"post\"\n\t\t\t\tdata-forminator-render=\"0\"\n\t\t\t\tdata-form-id=\"97\"\n\t\t\t\tenctype=\"multipart\/form-data\" data-color-option=\"default\" data-design=\"material\" data-grid=\"open\" style=\"display: none;\"\n\t\t\t\tdata-uid=\"6a072e3e3098e\"\n\t\t\t><div role=\"alert\" aria-live=\"polite\" class=\"forminator-response-message forminator-error\" aria-hidden=\"true\"><\/div><div class=\"forminator-row\"><div id=\"name-1\" class=\"forminator-field-name forminator-col forminator-col-12 \"><div class=\"forminator-field\"><input type=\"text\" name=\"name-1\" value=\"\" placeholder=\"Imi\u0119 i Nazwisko\" id=\"forminator-field-name-1_6a072e3e3098e\" class=\"forminator-input forminator-name--field\" aria-required=\"false\" autocomplete=\"name\" \/><\/div><\/div><\/div><div class=\"forminator-row\"><div id=\"email-1\" class=\"forminator-field-email forminator-col forminator-col-12 \"><div class=\"forminator-field\"><input type=\"email\" name=\"email-1\" value=\"\" placeholder=\"Adres e-mail\" id=\"forminator-field-email-1_6a072e3e3098e\" class=\"forminator-input forminator-email--field\" data-required=\"\" aria-required=\"false\" autocomplete=\"email\" \/><\/div><\/div><\/div><div class=\"forminator-row\"><div id=\"textarea-1\" class=\"forminator-field-textarea forminator-col forminator-col-12 \"><div class=\"forminator-field\"><textarea name=\"textarea-1\" placeholder=\"Tekst wiadomo\u015bci\" id=\"forminator-field-textarea-1_6a072e3e3098e\" class=\"forminator-textarea\" rows=\"6\" style=\"--forminator-textarea-min-height:140px;\" ><\/textarea><\/div><\/div><\/div><div class=\"forminator-row\"><div id=\"upload-1\" class=\"forminator-field-upload forminator-col forminator-col-12 \"><div class=\"forminator-field\"><label for=\"forminator-field-upload-1_6a072e3e3098e\" id=\"forminator-field-upload-1_6a072e3e3098e-label\" class=\"forminator-label\">Prze\u015blij plik<\/label><div class=\"forminator-file-upload \" data-element=\"upload-1_6a072e3e3098e\"><input type=\"file\" name=\"upload-1\" id=\"forminator-field-upload-1_6a072e3e3098e\" class=\"forminator-input-file\" accept=\".jpg,.jpeg,.jpe,.gif,.png,.bmp,.tiff,.tif,.webp,.ico,.heic,.asf,.asx,.wmv,.wmx,.wm,.avi,.divx,.flv,.mov,.qt,.mpeg,.mpg,.mpe,.mp4,.m4v,.ogv,.webm,.mkv,.3gp,.3gpp,.3g2,.3gp2,.txt,.asc,.c,.cc,.h,.srt,.csv,.tsv,.ics,.rtx,.vtt,.mp3,.m4a,.m4b,.aac,.ra,.ram,.wav,.ogg,.oga,.flac,.mid,.midi,.wma,.wax,.mka,.rtf,.pdf,.class,.tar,.zip,.gz,.gzip,.7z,.psd,.xcf,.doc,.pot,.pps,.ppt,.wri,.xla,.xls,.xlt,.xlw,.mdb,.mpp,.docx,.docm,.dotx,.dotm,.xlsx,.xlsm,.xlsb,.xltx,.xltm,.xlam,.pptx,.pptm,.ppsx,.ppsm,.potx,.potm,.ppam,.sldx,.sldm,.onetoc,.onetoc2,.onetmp,.onepkg,.oxps,.xps,.odt,.odp,.ods,.odg,.odc,.odb,.odf,.wp,.wpd,.key,.numbers,.pages\" tabindex=\"-1\"><button id=\"forminator-field-upload-1_6a072e3e3098e_button\" class=\"forminator-button forminator-button-upload\" data-id=\"forminator-field-upload-1_6a072e3e3098e\">Wybierz plik<\/button><span data-empty-text=\"Nie wybrano \u017cadnego pliku\">Nie wybrano \u017cadnego pliku<\/span><button class=\"forminator-button-delete\" style=\"display: none;\"><i class=\"forminator-icon-close\" aria-hidden=\"true\"><\/i><span class=\"forminator-screen-reader-only\">Usu\u0144 przes\u0142any plik<\/span><\/button><\/div><\/div><\/div><\/div><input type=\"hidden\" name=\"referer_url\" value=\"\" \/><div class=\"forminator-row forminator-row-last\"><div class=\"forminator-col\"><div class=\"forminator-field\"><button class=\"forminator-button forminator-button-submit\"><span>Wy\u015blij wiadomo\u015b\u0107<\/span><span aria-hidden=\"true\"><\/span><\/button><\/div><\/div><\/div><input type=\"hidden\" id=\"forminator_nonce\" name=\"forminator_nonce\" value=\"6e0fefde97\" \/><input type=\"hidden\" name=\"_wp_http_referer\" value=\"\/index.php\/wp-json\/wp\/v2\/pages\/7\" \/><input type=\"hidden\" name=\"form_id\" value=\"97\"><input type=\"hidden\" name=\"page_id\" value=\"7\"><input type=\"hidden\" name=\"form_type\" value=\"default\"><input type=\"hidden\" name=\"current_url\" value=\"https:\/\/krpro.pl\/\"><input type=\"hidden\" name=\"render_id\" value=\"0\"><input type=\"hidden\" name=\"action\" value=\"forminator_submit_form_custom-forms\"><\/form><\/p>\n\n\n\n<div style=\"height:80px\" aria-hidden=\"true\" class=\"wp-block-spacer\"><\/div>\n<\/div><\/div>\n","protected":false},"excerpt":{"rendered":"<p>Kompleksowe wykonanie Najwy\u017csza jako\u015b\u0107 Realizacja na czas<\/p>\n","protected":false},"author":1,"featured_media":450,"parent":0,"menu_order":0,"comment_status":"closed","ping_status":"closed","template":"","meta":{"neve_meta_sidebar":"","neve_meta_container":"","neve_meta_enable_content_width":"on","neve_meta_content_width":100,"neve_meta_title_alignment":"","neve_meta_author_avatar":"","neve_post_elements_order":"","neve_meta_disable_header":"","neve_meta_disable_footer":"","neve_meta_disable_title":"on","_vp_format_video_url":"","_vp_image_focal_point":[],"footnotes":""},"class_list":["post-7","page","type-page","status-publish","has-post-thumbnail","hentry"],"_links":{"self":[{"href":"https:\/\/krpro.pl\/index.php\/wp-json\/wp\/v2\/pages\/7","targetHints":{"allow":["GET"]}}],"collection":[{"href":"https:\/\/krpro.pl\/index.php\/wp-json\/wp\/v2\/pages"}],"about":[{"href":"https:\/\/krpro.pl\/index.php\/wp-json\/wp\/v2\/types\/page"}],"author":[{"embeddable":true,"href":"https:\/\/krpro.pl\/index.php\/wp-json\/wp\/v2\/users\/1"}],"replies":[{"embeddable":true,"href":"https:\/\/krpro.pl\/index.php\/wp-json\/wp\/v2\/comments?post=7"}],"version-history":[{"count":28,"href":"https:\/\/krpro.pl\/index.php\/wp-json\/wp\/v2\/pages\/7\/revisions"}],"predecessor-version":[{"id":596,"href":"https:\/\/krpro.pl\/index.php\/wp-json\/wp\/v2\/pages\/7\/revisions\/596"}],"wp:featuredmedia":[{"embeddable":true,"href":"https:\/\/krpro.pl\/index.php\/wp-json\/wp\/v2\/media\/450"}],"wp:attachment":[{"href":"https:\/\/krpro.pl\/index.php\/wp-json\/wp\/v2\/media?parent=7"}],"curies":[{"name":"wp","href":"https:\/\/api.w.org\/{rel}","templated":true}]}}